{"id":650,"date":"2022-04-21T10:34:25","date_gmt":"2022-04-21T13:34:25","guid":{"rendered":"https:\/\/agencia-giving.net\/?page_id=3"},"modified":"2024-10-14T10:28:06","modified_gmt":"2024-10-14T13:28:06","slug":"coockies","status":"publish","type":"page","link":"https:\/\/agencia-giving.net\/index.php\/coockies\/","title":{"rendered":"Pol\u00edtica de Cookies"},"content":{"rendered":"\t\t<div data-elementor-type=\"wp-page\" data-elementor-id=\"650\" class=\"elementor elementor-650\">\n\t\t\t\t\t\t<section class=\"elementor-section elementor-top-section elementor-element elementor-element-64142692 elementor-section-boxed elementor-section-height-default elementor-section-height-default\" data-id=\"64142692\" data-element_type=\"section\">\n\t\t\t\t\t\t<div class=\"elementor-container elementor-column-gap-default\">\n\t\t\t\t\t<div class=\"elementor-column elementor-col-100 elementor-top-column elementor-element elementor-element-179b5180\" data-id=\"179b5180\" data-element_type=\"column\">\n\t\t\t<div class=\"elementor-widget-wrap elementor-element-populated\">\n\t\t\t\t\t\t<div class=\"elementor-element elementor-element-7c436222 elementor-widget elementor-widget-text-editor\" data-id=\"7c436222\" data-element_type=\"widget\" data-widget_type=\"text-editor.default\">\n\t\t\t\t<div class=\"elementor-widget-container\">\n\t\t\t\t\t\t\t\t\t<p class=\"MsoNormal\" style=\"margin-top:0cm;margin-right:0cm;margin-bottom:12.0pt;\nmargin-left:36.0pt;text-align:justify;text-indent:42.5pt;line-height:150%;\nborder:none;mso-padding-alt:31.0pt 31.0pt 31.0pt 31.0pt;mso-border-shadow:yes\"><span style=\"font-size:12.0pt;line-height:150%;font-family:&quot;Arial Nova&quot;,sans-serif;\nmso-fareast-font-family:&quot;Bookman Old Style&quot;;mso-bidi-font-family:&quot;Bookman Old Style&quot;;\ncolor:#1F1F1F\">A <b>Giving Ag\u00eancia de\nMarketing Ltda.<\/b> utiliza cookies em seus websites para melhorar a\nexperi\u00eancia do usu\u00e1rio e oferecer servi\u00e7os personalizados. <o:p><\/o:p><\/span><\/p><p class=\"MsoNormal\" style=\"margin-top:0cm;margin-right:0cm;margin-bottom:12.0pt;\nmargin-left:36.0pt;text-align:justify;text-indent:42.5pt;line-height:150%;\nborder:none;mso-padding-alt:31.0pt 31.0pt 31.0pt 31.0pt;mso-border-shadow:yes\"><span style=\"font-size:12.0pt;line-height:150%;font-family:&quot;Arial Nova&quot;,sans-serif;\nmso-fareast-font-family:&quot;Bookman Old Style&quot;;mso-bidi-font-family:&quot;Bookman Old Style&quot;;\ncolor:#1F1F1F\">Essa pol\u00edtica explica o que s\u00e3o cookies, como os utilizamos e\ncomo voc\u00ea pode gerenciar suas prefer\u00eancias.<o:p><\/o:p><\/span><\/p><p class=\"MsoNormal\" style=\"margin-top:0cm;margin-right:0cm;margin-bottom:12.0pt;\nmargin-left:36.0pt;text-align:justify;line-height:150%;border:none;mso-padding-alt:\n31.0pt 31.0pt 31.0pt 31.0pt;mso-border-shadow:yes\"><b><span style=\"font-size:12.0pt;line-height:150%;font-family:&quot;Arial Nova&quot;,sans-serif;\nmso-fareast-font-family:&quot;Bookman Old Style&quot;;mso-bidi-font-family:&quot;Bookman Old Style&quot;;\ncolor:#1F1F1F\">O que s\u00e3o cookies?<o:p><\/o:p><\/span><\/b><\/p><p class=\"MsoNormal\" style=\"margin-top:0cm;margin-right:0cm;margin-bottom:12.0pt;\nmargin-left:36.0pt;text-align:justify;text-indent:42.5pt;line-height:150%;\nborder:none;mso-padding-alt:31.0pt 31.0pt 31.0pt 31.0pt;mso-border-shadow:yes\"><span style=\"font-size:12.0pt;line-height:150%;font-family:&quot;Arial Nova&quot;,sans-serif;\nmso-fareast-font-family:&quot;Bookman Old Style&quot;;mso-bidi-font-family:&quot;Bookman Old Style&quot;;\ncolor:#1F1F1F\">Cookies s\u00e3o pequenos arquivos de texto que s\u00e3o armazenados em\nseu dispositivo (computador, smartphone, tablet) quando voc\u00ea visita um website.\n<o:p><\/o:p><\/span><\/p><p class=\"MsoNormal\" style=\"margin-top:0cm;margin-right:0cm;margin-bottom:12.0pt;\nmargin-left:36.0pt;text-align:justify;text-indent:42.5pt;line-height:150%;\nborder:none;mso-padding-alt:31.0pt 31.0pt 31.0pt 31.0pt;mso-border-shadow:yes\"><span style=\"font-size:12.0pt;line-height:150%;font-family:&quot;Arial Nova&quot;,sans-serif;\nmso-fareast-font-family:&quot;Bookman Old Style&quot;;mso-bidi-font-family:&quot;Bookman Old Style&quot;;\ncolor:#1F1F1F\">Eles permitem que o site se lembre de suas a\u00e7\u00f5es e prefer\u00eancias\n(como login, idioma, tamanho da fonte e outras prefer\u00eancias de exibi\u00e7\u00e3o) por um\nper\u00edodo de tempo, para que voc\u00ea n\u00e3o precise inseri-las novamente sempre que\nretornar ao site ou navegar de uma p\u00e1gina para outra. &nbsp;<o:p><\/o:p><\/span><\/p><p class=\"MsoNormal\" style=\"margin-top:0cm;margin-right:0cm;margin-bottom:12.0pt;\nmargin-left:36.0pt;text-align:justify;line-height:150%;border:none;mso-padding-alt:\n31.0pt 31.0pt 31.0pt 31.0pt;mso-border-shadow:yes\"><b><span style=\"font-size:12.0pt;line-height:150%;font-family:&quot;Arial Nova&quot;,sans-serif;\nmso-fareast-font-family:&quot;Bookman Old Style&quot;;mso-bidi-font-family:&quot;Bookman Old Style&quot;;\ncolor:#1F1F1F\">Como a Giving utiliza cookies?<o:p><\/o:p><\/span><\/b><\/p><p class=\"MsoNormal\" style=\"margin-top:0cm;margin-right:0cm;margin-bottom:12.0pt;\nmargin-left:36.0pt;text-align:justify;line-height:150%;border:none;mso-padding-alt:\n31.0pt 31.0pt 31.0pt 31.0pt;mso-border-shadow:yes\"><span style=\"font-size:12.0pt;\nline-height:150%;font-family:&quot;Arial Nova&quot;,sans-serif;mso-fareast-font-family:\n&quot;Bookman Old Style&quot;;mso-bidi-font-family:&quot;Bookman Old Style&quot;;color:#1F1F1F\">A\nGiving utiliza os seguintes tipos de cookies:<o:p><\/o:p><\/span><\/p><p class=\"MsoNormal\" style=\"margin-left:49.5pt;text-align:justify;text-indent:\n-18.0pt;line-height:150%;mso-list:l0 level1 lfo1;border:none;mso-padding-alt:\n31.0pt 31.0pt 31.0pt 31.0pt;mso-border-shadow:yes\"><!--[if !supportLists]--><span style=\"color:black\">\u25cf<span style=\"font-variant-numeric: normal; font-variant-east-asian: normal; font-variant-alternates: normal; font-size-adjust: none; font-kerning: auto; font-optical-sizing: auto; font-feature-settings: normal; font-variation-settings: normal; font-variant-position: normal; font-stretch: normal; font-size: 7pt; line-height: normal; font-family: &quot;Times New Roman&quot;;\">&nbsp;&nbsp;&nbsp;&nbsp;\n<\/span><\/span><!--[endif]--><b><span style=\"font-size:12.0pt;line-height:150%;font-family:&quot;Arial Nova&quot;,sans-serif;\nmso-fareast-font-family:&quot;Bookman Old Style&quot;;mso-bidi-font-family:&quot;Bookman Old Style&quot;;\ncolor:#1F1F1F\">Cookies essenciais:<\/span><\/b><span style=\"font-size:12.0pt;\nline-height:150%;font-family:&quot;Arial Nova&quot;,sans-serif;mso-fareast-font-family:\n&quot;Bookman Old Style&quot;;mso-bidi-font-family:&quot;Bookman Old Style&quot;;color:#1F1F1F\">\nS\u00e3o estritamente necess\u00e1rios para o funcionamento do website e para fornecer os\nservi\u00e7os solicitados. Sem esses cookies, o website n\u00e3o funcionar\u00e1 corretamente.<\/span><span style=\"font-size:12.0pt;line-height:150%;font-family:&quot;Arial Nova&quot;,sans-serif\"><o:p><\/o:p><\/span><\/p><p class=\"MsoNormal\" style=\"margin-left:49.5pt;text-align:justify;text-indent:\n-18.0pt;line-height:150%;mso-list:l0 level1 lfo1;border:none;mso-padding-alt:\n31.0pt 31.0pt 31.0pt 31.0pt;mso-border-shadow:yes\"><!--[if !supportLists]--><span style=\"color:black\">\u25cf<span style=\"font-variant-numeric: normal; font-variant-east-asian: normal; font-variant-alternates: normal; font-size-adjust: none; font-kerning: auto; font-optical-sizing: auto; font-feature-settings: normal; font-variation-settings: normal; font-variant-position: normal; font-stretch: normal; font-size: 7pt; line-height: normal; font-family: &quot;Times New Roman&quot;;\">&nbsp;&nbsp;&nbsp;&nbsp;\n<\/span><\/span><!--[endif]--><b><span style=\"font-size:12.0pt;line-height:150%;font-family:&quot;Arial Nova&quot;,sans-serif;\nmso-fareast-font-family:&quot;Bookman Old Style&quot;;mso-bidi-font-family:&quot;Bookman Old Style&quot;;\ncolor:#1F1F1F\">Cookies de desempenho:<\/span><\/b><span style=\"font-size:12.0pt;\nline-height:150%;font-family:&quot;Arial Nova&quot;,sans-serif;mso-fareast-font-family:\n&quot;Bookman Old Style&quot;;mso-bidi-font-family:&quot;Bookman Old Style&quot;;color:#1F1F1F\">\nColetam informa\u00e7\u00f5es an\u00f4nimas sobre como os usu\u00e1rios interagem com o website,\ncomo as p\u00e1ginas mais visitadas e os erros encontrados. Esses cookies nos ajudam\na melhorar o desempenho do site.<\/span><span style=\"font-size:12.0pt;\nline-height:150%;font-family:&quot;Arial Nova&quot;,sans-serif\"><o:p><\/o:p><\/span><\/p><p class=\"MsoNormal\" style=\"margin-left:49.5pt;text-align:justify;text-indent:\n-18.0pt;line-height:150%;mso-list:l0 level1 lfo1;border:none;mso-padding-alt:\n31.0pt 31.0pt 31.0pt 31.0pt;mso-border-shadow:yes\"><!--[if !supportLists]--><span style=\"color:black\">\u25cf<span style=\"font-variant-numeric: normal; font-variant-east-asian: normal; font-variant-alternates: normal; font-size-adjust: none; font-kerning: auto; font-optical-sizing: auto; font-feature-settings: normal; font-variation-settings: normal; font-variant-position: normal; font-stretch: normal; font-size: 7pt; line-height: normal; font-family: &quot;Times New Roman&quot;;\">&nbsp;&nbsp;&nbsp;&nbsp;\n<\/span><\/span><!--[endif]--><b><span style=\"font-size:12.0pt;line-height:150%;font-family:&quot;Arial Nova&quot;,sans-serif;\nmso-fareast-font-family:&quot;Bookman Old Style&quot;;mso-bidi-font-family:&quot;Bookman Old Style&quot;;\ncolor:#1F1F1F\">Cookies de funcionalidade:<\/span><\/b><span style=\"font-size:\n12.0pt;line-height:150%;font-family:&quot;Arial Nova&quot;,sans-serif;mso-fareast-font-family:\n&quot;Bookman Old Style&quot;;mso-bidi-font-family:&quot;Bookman Old Style&quot;;color:#1F1F1F\">\nPermitem que o website se lembre das escolhas do usu\u00e1rio (como nome de usu\u00e1rio,\nidioma ou regi\u00e3o) e forne\u00e7a recursos personalizados.<\/span><span style=\"font-size:12.0pt;line-height:150%;font-family:&quot;Arial Nova&quot;,sans-serif\"><o:p><\/o:p><\/span><\/p><p class=\"MsoNormal\" style=\"margin-left:49.5pt;text-align:justify;text-indent:\n-18.0pt;line-height:150%;mso-list:l0 level1 lfo1;border:none;mso-padding-alt:\n31.0pt 31.0pt 31.0pt 31.0pt;mso-border-shadow:yes\"><!--[if !supportLists]--><span style=\"color:black\">\u25cf<span style=\"font-variant-numeric: normal; font-variant-east-asian: normal; font-variant-alternates: normal; font-size-adjust: none; font-kerning: auto; font-optical-sizing: auto; font-feature-settings: normal; font-variation-settings: normal; font-variant-position: normal; font-stretch: normal; font-size: 7pt; line-height: normal; font-family: &quot;Times New Roman&quot;;\">&nbsp;&nbsp;&nbsp;&nbsp;\n<\/span><\/span><!--[endif]--><b><span style=\"font-size:12.0pt;line-height:150%;font-family:&quot;Arial Nova&quot;,sans-serif;\nmso-fareast-font-family:&quot;Bookman Old Style&quot;;mso-bidi-font-family:&quot;Bookman Old Style&quot;;\ncolor:#1F1F1F\">Cookies de marketing:<\/span><\/b><span style=\"font-size:12.0pt;\nline-height:150%;font-family:&quot;Arial Nova&quot;,sans-serif;mso-fareast-font-family:\n&quot;Bookman Old Style&quot;;mso-bidi-font-family:&quot;Bookman Old Style&quot;;color:#1F1F1F\">\nS\u00e3o utilizados para exibir an\u00fancios relevantes aos interesses do usu\u00e1rio.\nTamb\u00e9m s\u00e3o usados para limitar o n\u00famero de vezes que o usu\u00e1rio v\u00ea um an\u00fancio e\npara medir a efic\u00e1cia das campanhas publicit\u00e1rias.<\/span><span style=\"font-size:12.0pt;line-height:150%;font-family:&quot;Arial Nova&quot;,sans-serif\"><o:p><\/o:p><\/span><\/p><p class=\"MsoNormal\" style=\"margin-top:12.0pt;margin-right:0cm;margin-bottom:\n12.0pt;margin-left:36.0pt;text-align:justify;line-height:150%;border:none;\nmso-padding-alt:31.0pt 31.0pt 31.0pt 31.0pt;mso-border-shadow:yes\"><b><span style=\"font-size:12.0pt;line-height:\n150%;font-family:&quot;Arial Nova&quot;,sans-serif;mso-fareast-font-family:&quot;Bookman Old Style&quot;;\nmso-bidi-font-family:&quot;Bookman Old Style&quot;;color:#1F1F1F\">Como gerenciar suas\nprefer\u00eancias de cookies?<o:p><\/o:p><\/span><\/b><\/p><p class=\"MsoNormal\" style=\"margin-top:0cm;margin-right:0cm;margin-bottom:12.0pt;\nmargin-left:36.0pt;text-align:justify;text-indent:42.5pt;line-height:150%;\nborder:none;mso-padding-alt:31.0pt 31.0pt 31.0pt 31.0pt;mso-border-shadow:yes\"><span style=\"font-size:12.0pt;line-height:150%;font-family:&quot;Arial Nova&quot;,sans-serif;\nmso-fareast-font-family:&quot;Bookman Old Style&quot;;mso-bidi-font-family:&quot;Bookman Old Style&quot;;\ncolor:#1F1F1F\">Voc\u00ea pode gerenciar suas prefer\u00eancias de cookies a qualquer\nmomento, aceitando ou recusando o uso de cookies. <o:p><\/o:p><\/span><\/p><p class=\"MsoNormal\" style=\"margin-top:12.0pt;margin-right:0cm;margin-bottom:\n12.0pt;margin-left:36.0pt;text-align:justify;text-indent:42.5pt;line-height:\n150%;border:none;mso-padding-alt:31.0pt 31.0pt 31.0pt 31.0pt;mso-border-shadow:\nyes\"><span style=\"font-size:12.0pt;line-height:150%;font-family:&quot;Arial Nova&quot;,sans-serif;\nmso-fareast-font-family:&quot;Bookman Old Style&quot;;mso-bidi-font-family:&quot;Bookman Old Style&quot;;\ncolor:#1F1F1F\">Voc\u00ea tamb\u00e9m pode configurar seu navegador para ser notificado\nsempre que um cookie for oferecido.<o:p><\/o:p><\/span><\/p><p class=\"MsoNormal\" style=\"margin-top:0cm;margin-right:0cm;margin-bottom:12.0pt;\nmargin-left:36.0pt;text-align:justify;line-height:150%;border:none;mso-padding-alt:\n31.0pt 31.0pt 31.0pt 31.0pt;mso-border-shadow:yes\"><b><span style=\"font-size:12.0pt;line-height:150%;font-family:&quot;Arial Nova&quot;,sans-serif;\nmso-fareast-font-family:&quot;Bookman Old Style&quot;;mso-bidi-font-family:&quot;Bookman Old Style&quot;;\ncolor:#1F1F1F\">Contato<o:p><\/o:p><\/span><\/b><\/p><p>\n\n\n\n\n\n\n\n\n\n\n\n\n\n\n\n\n\n\n\n\n\n\n\n\n\n\n\n\n\n<span style=\"font-size:12.0pt;line-height:115%;font-family:&quot;Arial Nova&quot;,sans-serif;\nmso-fareast-font-family:&quot;Bookman Old Style&quot;;mso-bidi-font-family:&quot;Bookman Old Style&quot;;\ncolor:#1F1F1F;mso-ansi-language:PT-BR;mso-fareast-language:PT-BR;mso-bidi-language:\nAR-SA;mso-no-proof:yes\">Em caso de d\u00favidas sobre esta Pol\u00edtica de Cookies,\nentre em contato conosco atrav\u00e9s do email <\/span><span style=\"font-size:11.0pt;\nline-height:115%;font-family:&quot;Arial&quot;,sans-serif;mso-fareast-font-family:Arial;\nmso-ansi-language:PT-BR;mso-fareast-language:PT-BR;mso-bidi-language:AR-SA;\nmso-no-proof:yes\"><a href=\"mailto:filipe.dantas@agencia-giving.net\"><span style=\"font-size:12.0pt;line-height:115%;font-family:&quot;Arial Nova&quot;,sans-serif;\nmso-fareast-font-family:&quot;Bookman Old Style&quot;;mso-bidi-font-family:&quot;Bookman Old Style&quot;;\ncolor:#1155CC\">filipe.dantas@agencia-giving.net<\/span><\/a><\/span><br><\/p>\t\t\t\t\t\t\t\t<\/div>\n\t\t\t\t<\/div>\n\t\t\t\t\t<\/div>\n\t\t<\/div>\n\t\t\t\t\t<\/div>\n\t\t<\/section>\n\t\t\t\t<\/div>\n\t\t","protected":false},"excerpt":{"rendered":"<p>A Giving Ag\u00eancia de Marketing Ltda. utiliza cookies em seus websites para melhorar a experi\u00eancia do usu\u00e1rio e oferecer servi\u00e7os personalizados. Essa pol\u00edtica explica o que s\u00e3o cookies, como os utilizamos e como voc\u00ea pode gerenciar suas prefer\u00eancias. O que s\u00e3o cookies? Cookies s\u00e3o pequenos arquivos de texto que s\u00e3o armazenados em seu dispositivo (computador,&#8230;<\/p>\n","protected":false},"author":1,"featured_media":0,"parent":0,"menu_order":0,"comment_status":"closed","ping_status":"closed","template":"elementor_theme","meta":{"_kadence_starter_templates_imported_post":false,"_kad_post_transparent":"","_kad_post_title":"","_kad_post_layout":"","_kad_post_sidebar_id":"","_kad_post_content_style":"","_kad_post_vertical_padding":"","_kad_post_feature":"","_kad_post_feature_position":"","_kad_post_header":false,"_kad_post_footer":false,"_kad_post_classname":"","footnotes":""},"class_list":["post-650","page","type-page","status-publish","hentry"],"_links":{"self":[{"href":"https:\/\/agencia-giving.net\/index.php\/wp-json\/wp\/v2\/pages\/650","targetHints":{"allow":["GET"]}}],"collection":[{"href":"https:\/\/agencia-giving.net\/index.php\/wp-json\/wp\/v2\/pages"}],"about":[{"href":"https:\/\/agencia-giving.net\/index.php\/wp-json\/wp\/v2\/types\/page"}],"author":[{"embeddable":true,"href":"https:\/\/agencia-giving.net\/index.php\/wp-json\/wp\/v2\/users\/1"}],"replies":[{"embeddable":true,"href":"https:\/\/agencia-giving.net\/index.php\/wp-json\/wp\/v2\/comments?post=650"}],"version-history":[{"count":5,"href":"https:\/\/agencia-giving.net\/index.php\/wp-json\/wp\/v2\/pages\/650\/revisions"}],"predecessor-version":[{"id":694,"href":"https:\/\/agencia-giving.net\/index.php\/wp-json\/wp\/v2\/pages\/650\/revisions\/694"}],"wp:attachment":[{"href":"https:\/\/agencia-giving.net\/index.php\/wp-json\/wp\/v2\/media?parent=650"}],"curies":[{"name":"wp","href":"https:\/\/api.w.org\/{rel}","templated":true}]}}